{"id":49231,"date":"2010-06-08T13:51:17","date_gmt":"2010-06-08T11:51:17","guid":{"rendered":"https:\/\/www.aspeninstitute.it\/other-initiatives\/"},"modified":"2022-07-22T11:23:38","modified_gmt":"2022-07-22T09:23:38","slug":"other-initiatives","status":"publish","type":"page","link":"https:\/\/www.aspeninstitute.it\/en\/other-initiatives\/","title":{"rendered":"Una bella \u201cimpresa\u201d!"},"content":{"rendered":"<p><strong>The core concept and objectives of the project<\/strong><\/p>\n<p>Over the past thirty years, the \u201cepic\u201d narrative of industry that characterized the post-World War II reconstruction years has waned in Europe, especially in Italy, and the virtuous relationship between life, work, and industry has broken down.<\/p>\n<p>Being in industry is today often perceived negatively by the public at large, and especially by young people. It is crucial for the future of Italy and its economy to counter this frequently quite prevalent \u201canti-industrial\u201d mindset, so as to replace it with a fresh new <em>narrative on being in business<\/em>, and in particular, on <em>being in<\/em> <em>manufacturing<\/em>, highlighting that industry brings benefits for all, not just entrepreneurs.<\/p>\n<p>Aspen has therefore decided to launch <strong><em><a href=\"http:\/\/www.unabellaimpresa.it\" target=\"_blank\" rel=\"noopener\">Una bella \u201cimpresa\u201d!<\/a><\/em><\/strong>, a multifaceted project with a number of different strands, incorporating: a <em>scientific study<\/em> component, as a natural extension the Institute\u2019s role as a think tank; an <em>educational<\/em> element, aimed at passing on the wealth of experience of the Institute\u2019s members; and lastly, <em>communications <\/em>and <em>publicity <\/em>activities geared to bringing the new narrative to wider public attention.<\/p>\n<p><strong>Activities<\/strong><\/p>\n<p>The project offers an avenue for further exploration of the subject, and in more concrete terms has launched the following series of activities and studies, which will become the focus of a dedicated website <a href=\"http:\/\/www.unabellaimpresa.it\" target=\"_blank\" rel=\"noopener\">www.unabellaimpresa.it<\/a>:<\/p>\n<ul>\n<li><strong style=\"font-style: normal;\">Industry insiders speak<\/strong><span style=\"line-height: 1.231;\">: a series of interviews with Aspen members, but also their employees and partners, giving their perspectives on industry.<\/span><\/li>\n<li><strong style=\"font-style: normal;\">Scientific studies:<\/strong><span style=\"line-height: 1.231;\"> investigating the scenarios and prospects facing Italian industry, with contributions from Fondazione Edison, the Universit\u00e0 Cattolica del Sacro Cuore in Milan, and the Politecnico di Milano.<\/span><\/li>\n<li><strong style=\"font-style: normal;\">Italian industry &#8211; A visual history<\/strong><span style=\"line-height: 1.231;\">: the story of industry told through images and films sourced from the historical archives of some of Italy\u2019s foremost firms.<\/span><\/li>\n<li><strong style=\"font-style: normal;\">Industry comes to school<\/strong><span style=\"line-height: 1.231;\">: young people are the natural target audience for a forward-looking message that calls for a cultural shift. For this reason, Aspen is organizing a series of events in secondary schools in which members of the Institute will recount their experiences as entrepreneurs and managers, and pass on their knowledge, drive, and passion to students, with the aim of encouraging them to take up careers in industry.<\/span><\/li>\n<\/ul>\n<p><strong>Organizing committee<\/strong><\/p>\n<p>The Organizing Committee of the project <em>Una bella \u201cimpresa\u201d!<\/em> consists of the following members: Alberto Bombassei (Brembo), Antonio Calabr\u00f2 (Pirelli), Gerhard Dambach (Robert Bosch), Sandro De Poli (GE Italy and Israel), Sergio Domp\u00e9 (Domp\u00e9 Farmaceutici), Marco Fortis (Fondazione Edison), Aldo Fumagalli (Candy Group), Aldo Fumagalli Romario (Sol), Federico Golla (Siemens), Matteo Marini (ABB), Fabio Pammolli (Politecnico di Milano), Maurizio Prete (Ferroli), Gianfelice Rocca (Techint), Alberto Quadrio Curzio (Accademia dei Lincei), Carlo Scognamiglio Pasini (Aspen), Giulio Tremonti (Aspen), and Elena Zambon (Zambon).<\/p>\n","protected":false},"excerpt":{"rendered":"<p><strong>The core concept and objectives of the project<\/strong><\/p>\n<p>Over the past thirty years, the \u201cepic\u201d narrative of industry that characterized the post-World War II reconstruction years has waned in Europe, especially in Italy, and the virtuous relationship between life, work, and industry has broken down.<\/p>\n","protected":false},"author":2354,"featured_media":0,"parent":0,"menu_order":0,"comment_status":"closed","ping_status":"closed","template":"","meta":{"_acf_changed":false,"_bbp_topic_count":0,"_bbp_reply_count":0,"_bbp_total_topic_count":0,"_bbp_total_reply_count":0,"_bbp_voice_count":0,"_bbp_anonymous_reply_count":0,"_bbp_topic_count_hidden":0,"_bbp_reply_count_hidden":0,"_bbp_forum_subforum_count":0,"neve_meta_sidebar":"","neve_meta_container":"","neve_meta_enable_content_width":"","neve_meta_content_width":0,"neve_meta_title_alignment":"","neve_meta_author_avatar":"","neve_post_elements_order":"","neve_meta_disable_header":"","neve_meta_disable_footer":"","neve_meta_disable_title":"","neve_meta_reading_time":"","_themeisle_gutenberg_block_has_review":false,"footnotes":""},"freetags":[],"tag_tecnica":[],"temi_aspen":[],"attivita_internaz_in_essere":[],"attivita_internaz_concluse":[],"studi_e_ricerche":[],"class_list":["post-49231","page","type-page","status-publish","hentry"],"acf":[],"_links":{"self":[{"href":"https:\/\/www.aspeninstitute.it\/en\/wp-json\/wp\/v2\/pages\/49231","targetHints":{"allow":["GET"]}}],"collection":[{"href":"https:\/\/www.aspeninstitute.it\/en\/wp-json\/wp\/v2\/pages"}],"about":[{"href":"https:\/\/www.aspeninstitute.it\/en\/wp-json\/wp\/v2\/types\/page"}],"author":[{"embeddable":true,"href":"https:\/\/www.aspeninstitute.it\/en\/wp-json\/wp\/v2\/users\/2354"}],"replies":[{"embeddable":true,"href":"https:\/\/www.aspeninstitute.it\/en\/wp-json\/wp\/v2\/comments?post=49231"}],"version-history":[{"count":1,"href":"https:\/\/www.aspeninstitute.it\/en\/wp-json\/wp\/v2\/pages\/49231\/revisions"}],"predecessor-version":[{"id":73977,"href":"https:\/\/www.aspeninstitute.it\/en\/wp-json\/wp\/v2\/pages\/49231\/revisions\/73977"}],"wp:attachment":[{"href":"https:\/\/www.aspeninstitute.it\/en\/wp-json\/wp\/v2\/media?parent=49231"}],"wp:term":[{"taxonomy":"freetags","embeddable":true,"href":"https:\/\/www.aspeninstitute.it\/en\/wp-json\/wp\/v2\/freetags?post=49231"},{"taxonomy":"tag_tecnica","embeddable":true,"href":"https:\/\/www.aspeninstitute.it\/en\/wp-json\/wp\/v2\/tag_tecnica?post=49231"},{"taxonomy":"temi_aspen","embeddable":true,"href":"https:\/\/www.aspeninstitute.it\/en\/wp-json\/wp\/v2\/temi_aspen?post=49231"},{"taxonomy":"attivita_internaz_in_essere","embeddable":true,"href":"https:\/\/www.aspeninstitute.it\/en\/wp-json\/wp\/v2\/attivita_internaz_in_essere?post=49231"},{"taxonomy":"attivita_internaz_concluse","embeddable":true,"href":"https:\/\/www.aspeninstitute.it\/en\/wp-json\/wp\/v2\/attivita_internaz_concluse?post=49231"},{"taxonomy":"studi_e_ricerche","embeddable":true,"href":"https:\/\/www.aspeninstitute.it\/en\/wp-json\/wp\/v2\/studi_e_ricerche?post=49231"}],"curies":[{"name":"wp","href":"https:\/\/api.w.org\/{rel}","templated":true}]}}